{"id":6429,"date":"2020-01-24T22:04:22","date_gmt":"2020-01-24T19:04:22","guid":{"rendered":"https:\/\/bilgisayarbilisim.net\/egitim\/?page_id=6429"},"modified":"2021-02-23T15:59:28","modified_gmt":"2021-02-23T12:59:28","slug":"gizlilik-ilkeleri","status":"publish","type":"page","link":"https:\/\/bilgisayarbilisim.net\/egitim\/gizlilik-ilkeleri\/","title":{"rendered":"Gizlilik \u0130lkeleri"},"content":{"rendered":"<p style=\"text-align: justify;\"><strong>B\u0130LG\u0130SAYAR B\u0130L\u0130\u015e\u0130M G\u0130ZL\u0130L\u0130K VE G\u00dcVENL\u0130K POL\u0130T\u0130KASI<\/strong><\/p>\n<p style=\"text-align: justify;\">Sitemizde sa\u011flanan t\u00fcm servisler bilgisayarbilisim.net alan ad\u0131 \u00fczerinden yay\u0131n yapmakta olan Bilgisayar Bili\u015fim \/ Bili\u015fim Teknolojileri Forumuna aittir.<\/p>\n<p style=\"text-align: justify;\">Sitemiz, \u00e7e\u015fitli ama\u00e7larla ki\u015fisel veriler toplayabilir. A\u015fa\u011f\u0131da, toplanan ki\u015fisel verilerin nas\u0131l ve ne \u015fekilde topland\u0131\u011f\u0131, bu verilerin nas\u0131l ve ne \u015fekilde korundu\u011fu belirtilmi\u015ftir.<\/p>\n<p style=\"text-align: justify;\">\u00dcyelik veya benzeri form veya anketlerin doldurulmas\u0131 suretiyle \u00fcyelerin kendileriyle ilgili bir tak\u0131m ki\u015fisel bilgileri (isim-soy isim, firma bilgileri, telefon, adres veya e-posta adresleri gibi) forum \u00fcyeli\u011finin do\u011fas\u0131 gere\u011fi toplanmaktad\u0131r.<\/p>\n<p style=\"text-align: justify;\">Forum sitemiz her zaman veya baz\u0131 d\u00f6nemlerde \u00fcyelerine duyuru, bilgilendirme, anket, kutlama, yar\u0131\u015fma vb. ama\u00e7lar ile bilgilendirmeler, bildirimler veya epostalar g\u00f6nderebilir.<\/p>\n<p style=\"text-align: justify;\">\u00dcyelerimiz bu gibi bilgileri al\u0131p almama konusunda her t\u00fcrl\u00fc se\u00e7imi \u00fcye olurken yapabilir, sonras\u0131nda \u00fcye giri\u015fi yapt\u0131ktan sonra hesap bilgileri b\u00f6l\u00fcm\u00fcnden bu se\u00e7imi de\u011fi\u015ftirilebilir ya da kendisine gelen bilgilendirme iletisindeki linkle bildirim yapabilir.<\/p>\n<p style=\"text-align: justify;\">Bilgisayar Bili\u015fim sitemiz taraf\u0131ndan e-posta ile ger\u00e7ekle\u015ftirilen \u00fcyelik onay s\u00fcrecinde, \u00fcyelerimiz taraf\u0131ndan forum sitemize iletilen ki\u015fisel bilgiler gizlidir, \u00fc\u00e7\u00fcnc\u00fc \u015fah\u0131slar ile payla\u015f\u0131lmaz. Gizlilik esast\u0131r.<\/p>\n<p style=\"text-align: justify;\">Forum sisteminin do\u011fas\u0131 gere\u011fi, kanunlara, genel ahlak kurallar\u0131na veya ki\u015filik haklar\u0131na y\u00f6nelik olas\u0131 ihlallerin meydana gelmesi durumunda sorumlu ki\u015fi veya ki\u015filerin tespiti amac\u0131yla forum sitemiz \u00fcyelerinin IP adresini kaydetmektedir. Bu IP adresleri, kullan\u0131c\u0131lar\u0131 genel bir \u015fekilde tan\u0131mlamak ve kapsaml\u0131 demografik bilgi toplamak amac\u0131yla da kullan\u0131labilir.<\/p>\n<p style=\"text-align: justify;\">Forum Sitemizin Anayasaya, Kanunlara, Genel Ahlak Kurallar\u0131a ve Ki\u015filik Haklar\u0131na riayet etmek d\u0131\u015f\u0131nda \u00f6zel kural ve kaideleri yoktur. Ancak foruma \u00fcye olan her ki\u015fi yazd\u0131\u011f\u0131 t\u00fcm i\u00e7erikten yukar\u0131da belirtilen temel esaslar d\u00e2hilinde sorumludur.<\/p>\n<p style=\"text-align: justify;\">\u00dcyelerimize ait bilgiler, gerekti\u011finde \u00fcyelerimiz ile ba\u011flant\u0131 kurmak i\u00e7in kullan\u0131l\u0131r. Ayr\u0131ca adli veya idari bir i\u015flem nedeniyle, gerekti\u011finde bu bilgiler devletin yetkili makamlar\u0131 ile payla\u015f\u0131l\u0131r (Savc\u0131l\u0131k Talebi veya Mahkeme Karar\u0131).<\/p>\n<p style=\"text-align: justify;\">\u00dcyelik bilgileri, gerekti\u011finde \u00e7e\u015fitli istatistik bilgilerin olu\u015fturulmas\u0131 amac\u0131yla kullan\u0131labilir. Bu, \u00fcyelerin ki\u015fisel bilgilerinin ba\u015fkalar\u0131 ile payla\u015f\u0131lmas\u0131 anlam\u0131na gelmez. \u00dcye bilgileri kesinlikle \u00fc\u00e7\u00fcnc\u00fc \u015fah\u0131slar ile payla\u015f\u0131lmaz.<\/p>\n<p style=\"text-align: justify;\">Forum sitemiz, \u00fcyelere ait t\u00fcm gizli bilgileri \u00f6zel ve gizli tutmak i\u00e7in gerekli t\u00fcm teknik tedbirleri uygular. Buna ra\u011fmen siber sald\u0131r\u0131lar neticesinde meydana gelebilecek herhangi bir olumsuzluktan forum sitemiz sorumlu de\u011fildir.<\/p>\n<p style=\"text-align: justify;\"><strong>KRED\u0130 KARTI G\u00dcVENL\u0130\u011e\u0130<\/strong><\/p>\n<p style=\"text-align: justify;\">Forum sitemiz \u00fcyelerimizden kredi kart\u0131 bilgilerini talep etmez, kay\u0131t etmez, sitemde saklamaz.<\/p>\n<p style=\"text-align: justify;\"><strong>\u00dc\u00c7\u00dcNC\u00dc TARAF WEB S\u0130TELER\u0130 VE UYGULAMALAR<\/strong><\/p>\n<p style=\"text-align: justify;\">Forum sitemiz, web sitesi d\u00e2hilinde ba\u015fka sitelere link verebilir. Sitemiz bu linkler vas\u0131tas\u0131yla eri\u015filen sitelerin gizlilik uygulamalar\u0131 ve i\u00e7eriklerine y\u00f6nelik herhangi bir sorumluluk ta\u015f\u0131mamaktad\u0131r. Sitemizde yay\u0131nlanan reklamlar, reklamc\u0131l\u0131k yapan i\u015f ortaklar\u0131m\u0131z arac\u0131l\u0131\u011f\u0131 ile kullan\u0131c\u0131lar\u0131m\u0131za da\u011f\u0131t\u0131l\u0131r. \u0130\u015f bu s\u00f6zle\u015fmedeki Gizlilik Politikas\u0131 Prensipleri, sadece sitemizin kullan\u0131m\u0131na ili\u015fkindir, \u00fc\u00e7\u00fcnc\u00fc taraf web sitelerini kapsamaz.<\/p>\n<p style=\"text-align: justify;\"><strong>\u0130ST\u0130SNA\u0130 HALLER<\/strong><\/p>\n<p style=\"text-align: justify;\">A\u015fa\u011f\u0131da belirtilen s\u0131n\u0131rl\u0131 hallerde Forum Sitemiz i\u015f bu &#8220;Gizlilik Politikas\u0131&#8221; h\u00fck\u00fcmleri d\u0131\u015f\u0131nda kullan\u0131c\u0131lara ait bilgileri \u00fc\u00e7\u00fcnc\u00fc ki\u015filere a\u00e7\u0131klayabilir. Bu durumlar s\u0131n\u0131rl\u0131 say\u0131da olmak \u00fczere;<\/p>\n<p style=\"text-align: justify;\">1.Kanun, Kanun H\u00fckm\u00fcnde Kararname, Y\u00f6netmelik v.b. yetkili hukuki otorite taraf\u0131ndan \u00e7\u0131kar\u0131lan ve y\u00fcr\u00fcrl\u00fcl\u00fckte olan hukuk kurallar\u0131n\u0131n getirdi\u011fi zorunluluklara uymak;<\/p>\n<p style=\"text-align: justify;\">2.Forum sitemizin kullan\u0131c\u0131larla akdetti\u011fi &#8220;\u00dcyelik S\u00f6zle\u015fmesi&#8221;&#8216;nin ve di\u011fer s\u00f6zle\u015fmelerin gereklerini yerine getirmek ve bunlar\u0131 uygulamaya koymak amac\u0131yla;<\/p>\n<p style=\"text-align: justify;\">3.Yetkili idari ve adli otorite taraf\u0131ndan usul\u00fcne g\u00f6re y\u00fcr\u00fct\u00fclen bir ara\u015ft\u0131rma veya soru\u015fturman\u0131n y\u00fcr\u00fct\u00fcm\u00fc amac\u0131yla kullan\u0131c\u0131larla ilgili bilgi talep edilmesi;<\/p>\n<p style=\"text-align: justify;\">4.Kullan\u0131c\u0131lar\u0131n haklar\u0131 veya g\u00fcvenliklerini korumak i\u00e7in bilgi vermenin gerekli oldu\u011fu hallerdir.<\/p>\n<p style=\"text-align: justify;\"><strong>E-POSTA G\u00dcVENL\u0130\u011e\u0130 ve \u00dcYE SORUMLULU\u011eU<\/strong><\/p>\n<p style=\"text-align: justify;\">Forum sitemizi kullan\u0131rken konu mesajlar\u0131na, \u00f6zel mesajlara, bildirimlere, duvar g\u00f6nderilerine veya ileti\u015fim eposta hesaplar\u0131m\u0131za asla kredi kart\u0131 numaran\u0131z\u0131 veya \u015fifrelerinizi yazmay\u0131n\u0131z. E-postalarda yer alan bilgiler \u00fc\u00e7\u00fcnc\u00fc \u015fah\u0131slar taraf\u0131ndan g\u00f6r\u00fclebilir. Forum Sitemiz e-postalar\u0131n\u0131zdan aktar\u0131lan bilgilerin g\u00fcvenli\u011fini hi\u00e7bir ko\u015fulda garanti edemez.<\/p>\n<p style=\"text-align: justify;\"><strong>TARAYICI \u00c7EREZLER\u0130<\/strong><\/p>\n<p style=\"text-align: justify;\">Bilgisayar Bili\u015fim forumu ziyaret eden kullan\u0131c\u0131lar ve kullan\u0131c\u0131lar\u0131n forum sitemizi kullan\u0131m\u0131 hakk\u0131ndaki bilgileri teknik bir ileti\u015fim dosyas\u0131 (\u00c7erez-Cookie) kullanarak elde edebilir. Bahsi ge\u00e7en teknik ileti\u015fim dosyalar\u0131, ana bellekte saklanmak \u00fczere bir internet sitesinin kullan\u0131c\u0131n\u0131n taray\u0131c\u0131s\u0131na (browser) g\u00f6nderdi\u011fi k\u00fc\u00e7\u00fck metin dosyalar\u0131d\u0131r. Teknik ileti\u015fim dosyas\u0131 site hakk\u0131nda durum ve tercihleri saklayarak \u0130nternet&#8217;in kullan\u0131m\u0131n\u0131 kolayla\u015ft\u0131r\u0131r.<\/p>\n<p style=\"text-align: justify;\">Teknik ileti\u015fim dosyas\u0131, siteyi ka\u00e7 ki\u015finin ziyaret etti\u011fini, bir ki\u015finin siteyi hangi ama\u00e7la, ka\u00e7 kez ziyaret etti\u011fini ve ne kadar sitede kald\u0131klar\u0131 hakk\u0131nda istatistiksel bilgileri elde etmeye ve kullan\u0131c\u0131lar i\u00e7in \u00f6zel tasarlanm\u0131\u015f kullan\u0131c\u0131 sayfalar\u0131ndan dinamik olarak reklam ve i\u00e7erik \u00fcretilmesine yard\u0131mc\u0131 olur. Teknik ileti\u015fim dosyas\u0131, ana bellekte veya e-postan\u0131zdan veri veya ba\u015fkaca herhangi bir ki\u015fisel bilgi almak i\u00e7in tasarlanmam\u0131\u015ft\u0131r. Taray\u0131c\u0131lar\u0131n pek \u00e7o\u011fu ba\u015fta teknik ileti\u015fim dosyas\u0131n\u0131 kabul eder bi\u00e7imde tasarlanm\u0131\u015ft\u0131r ancak kullan\u0131c\u0131lar dilerse teknik ileti\u015fim dosyas\u0131n\u0131n gelmemesi veya teknik ileti\u015fim dosyas\u0131n\u0131n g\u00f6nderildi\u011finde uyar\u0131 verilmesini sa\u011flayacak bi\u00e7imde ayarlar\u0131 de\u011fi\u015ftirebilirler.<\/p>\n<p style=\"text-align: justify;\">Bilgisayar Bili\u015fim i\u015f bu &#8220;Gizlilik Politikas\u0131&#8221; h\u00fck\u00fcmlerini diledi\u011fi zaman sitede yay\u0131nlamak veya kullan\u0131c\u0131lara elektronik posta g\u00f6ndermek veya sitesinde yay\u0131nlamak suretiyle de\u011fi\u015ftirebilir. Gizlilik Politikas\u0131 h\u00fck\u00fcmleri de\u011fi\u015fti\u011fi takdirde, yay\u0131nland\u0131\u011f\u0131 tarihte y\u00fcr\u00fcrl\u00fck kazan\u0131r.<\/p>\n<p style=\"text-align: justify;\">Gizlilik politikam\u0131z ile ilgili her t\u00fcrl\u00fc soru ve \u00f6nerileriniz i\u00e7in <a href=\"mailto:bilgisayarbilisim@gmail.com\">bilgisayarbilisim@gmail.com<\/a> eposta adresine posta g\u00f6nderebilirsiniz.<\/p>\n<p style=\"text-align: right;\">B\u0130LG\u0130SAYAR B\u0130L\u0130\u015e\u0130M \/ B\u0130L\u0130\u015e\u0130M TEKNOLOJ\u0130LER\u0130 S\u0130TES\u0130<\/p>\n<p style=\"text-align: right;\">www.bilgisayarbilisim.net<\/p>\n","protected":false},"excerpt":{"rendered":"<p>B\u0130LG\u0130SAYAR B\u0130L\u0130\u015e\u0130M G\u0130ZL\u0130L\u0130K VE G\u00dcVENL\u0130K POL\u0130T\u0130KASI Sitemizde sa\u011flanan t\u00fcm servisler bilgisayarbilisim.net alan ad\u0131 \u00fczerinden yay\u0131n yapmakta olan Bilgisayar Bili\u015fim \/ Bili\u015fim Teknolojileri Forumuna aittir. Sitemiz, \u00e7e\u015fitli ama\u00e7larla ki\u015fisel veriler toplayabilir. A\u015fa\u011f\u0131da, toplanan ki\u015fisel verilerin nas\u0131l ve ne \u015fekilde topland\u0131\u011f\u0131, bu verilerin nas\u0131l ve ne \u015fekilde korundu\u011fu belirtilmi\u015ftir. \u00dcyelik veya benzeri form veya anketlerin doldurulmas\u0131 suretiyle [&hellip;]<\/p>\n","protected":false},"author":1,"featured_media":0,"parent":0,"menu_order":0,"comment_status":"closed","ping_status":"closed","template":"","meta":{"footnotes":""},"class_list":["post-6429","page","type-page","status-publish"],"aioseo_notices":[],"jetpack_sharing_enabled":true,"_links":{"self":[{"href":"https:\/\/bilgisayarbilisim.net\/egitim\/wp-json\/wp\/v2\/pages\/6429","targetHints":{"allow":["GET"]}}],"collection":[{"href":"https:\/\/bilgisayarbilisim.net\/egitim\/wp-json\/wp\/v2\/pages"}],"about":[{"href":"https:\/\/bilgisayarbilisim.net\/egitim\/wp-json\/wp\/v2\/types\/page"}],"author":[{"embeddable":true,"href":"https:\/\/bilgisayarbilisim.net\/egitim\/wp-json\/wp\/v2\/users\/1"}],"replies":[{"embeddable":true,"href":"https:\/\/bilgisayarbilisim.net\/egitim\/wp-json\/wp\/v2\/comments?post=6429"}],"version-history":[{"count":1,"href":"https:\/\/bilgisayarbilisim.net\/egitim\/wp-json\/wp\/v2\/pages\/6429\/revisions"}],"predecessor-version":[{"id":9310,"href":"https:\/\/bilgisayarbilisim.net\/egitim\/wp-json\/wp\/v2\/pages\/6429\/revisions\/9310"}],"wp:attachment":[{"href":"https:\/\/bilgisayarbilisim.net\/egitim\/wp-json\/wp\/v2\/media?parent=6429"}],"curies":[{"name":"wp","href":"https:\/\/api.w.org\/{rel}","templated":true}]}}