{"id":6576,"date":"2020-01-29T13:05:59","date_gmt":"2020-01-29T10:05:59","guid":{"rendered":"https:\/\/bilgisayarbilisim.net\/egitim\/?page_id=6576"},"modified":"2021-02-23T15:59:31","modified_gmt":"2021-02-23T12:59:31","slug":"kullanim-sartlari","status":"publish","type":"page","link":"https:\/\/bilgisayarbilisim.net\/egitim\/kullanim-sartlari\/","title":{"rendered":"Kullan\u0131m \u015eartlar\u0131"},"content":{"rendered":"<div class=\"mainContentBlock section sectionMain\">\n<div class=\"baseHtml\">\n<p style=\"text-align: justify;\"><span style=\"color: #000000;\">Bilgisayarbilisim.NET \u00dcyelik ve Kullan\u0131m S\u00f6zle\u015fmesi<\/span><\/p>\n<p style=\"text-align: justify;\"><span style=\"color: #000000;\">BilgisayarBilisim.Net Ekibi; sa\u011flam\u0131\u015f oldu\u011fu web sitesi servislerine \u00fcye olmak suretiyle olu\u015fturulan yaz\u0131l\u0131\/g\u00f6rsel i\u00e7eriklerden, uygulamalardan ve bu hesaplar\u0131n kullan\u0131m\u0131ndan sorumlu de\u011fildir.<\/span><\/p>\n<p style=\"text-align: justify;\"><span style=\"color: #000000;\">Sitede \u00fcyeler taraf\u0131ndan sunulan i\u00e7erikler, bu i\u00e7erikleri olu\u015fturan \u00fcyelerin kendi iradelerini \/ g\u00f6r\u00fc\u015flerini ifade eder.<\/span><\/p>\n<p style=\"text-align: justify;\"><span style=\"color: #000000;\">Bu web sitesine \u00fcye olan hesap sahibi;<\/span><\/p>\n<p style=\"text-align: justify;\"><span style=\"color: #000000;\">T\u00fcrkiye Cumhuriyeti\u2019nin Milli ve Manevi De\u011ferlerine, \u0130nan\u00e7lara, \u0130nsan Haklar\u0131na, \u00c7ocuk Haklar\u0131na, Anayasaya ve Kanunlara ayk\u0131r\u0131 \u015fekilde hakaret, k\u00fcf\u00fcr, nefret dolu, tehditk\u00e2r, a\u015fa\u011f\u0131lay\u0131c\u0131, m\u00fcstehcen yaz\u0131 ve g\u00f6rsel i\u00e7erikler sunmayaca\u011f\u0131n\u0131 kabul eder.<\/span><\/p>\n<p style=\"text-align: justify;\"><span style=\"color: #000000;\">Bu web sitesine \u00fcye olan hesap sahibi;<\/span><\/p>\n<p style=\"text-align: justify;\"><span style=\"color: #000000;\">Spam veya spam benzeri, rahats\u0131z edici, sadece yeti\u015fkinlere y\u00f6nelik i\u00e7eri\u011fi bar\u0131nd\u0131ran, ba\u015fkalar\u0131n\u0131n ki\u015fisel bilgilerini i\u00e7eren, ba\u015fkalar\u0131n\u0131n ki\u015fisel bilgilerini ele ge\u00e7irmeye \u00e7al\u0131\u015fan, telif hakk\u0131 ihlalleri bar\u0131nd\u0131ran i\u00e7erikleri g\u00f6ndermeyece\u011fini veya bu t\u00fcr i\u00e7eriklere ba\u011flant\u0131 vermeyece\u011fini kabul eder.<\/span><\/p>\n<p style=\"text-align: justify;\"><span style=\"color: #000000;\">Bu web sitesine \u00fcye olan hesap sahibi;<\/span><\/p>\n<p style=\"text-align: justify;\"><span style=\"color: #000000;\">Web sitesi i\u00e7erisinde izinsiz ticari faaliyette bulunmayaca\u011f\u0131n\u0131, ticari faaliyetleri hakk\u0131nda do\u011frudan veya dolayl\u0131 izinsiz reklam i\u00e7eri\u011fi sunmayaca\u011f\u0131n\u0131, suni profil y\u00fckseltme amac\u0131yla gereksiz konu a\u00e7mayaca\u011f\u0131n\u0131 ve gereksiz mesaj yazmayaca\u011f\u0131n\u0131 kabul eder.<\/span><\/p>\n<p style=\"text-align: justify;\"><span style=\"color: #000000;\">Bu web sitesine \u00fcye olan hesap sahibi;<\/span><\/p>\n<p style=\"text-align: justify;\"><span style=\"color: #000000;\">Web sitesi i\u00e7erisinde kendine ait ticari veya ba\u015fka ama\u00e7la kurmu\u015f oldu\u011fu web sitesine backlink veya clickbait y\u00f6ntemi ile \u00fcye \u00e7ekmeye y\u00f6nelik faaliyetlerde bulunmayaca\u011f\u0131n\u0131 kabul eder.<\/span><\/p>\n<p style=\"text-align: justify;\"><span style=\"color: #000000;\">G\u00f6nderdi\u011finiz veya y\u00fckledi\u011finiz t\u00fcm \u0130\u00e7erik web sitesi y\u00f6netimi taraf\u0131ndan incelenebilir. G\u00f6nderdi\u011finiz veya y\u00fckledi\u011finiz t\u00fcm \u0130\u00e7erik, gerekti\u011finde \u00fc\u00e7\u00fcnc\u00fc taraf do\u011frulama hizmetlerine (spam \u00f6nleme hizmetleri vb. servislere) g\u00f6nderilebilir. Bu nedenle hesap sahibi; gizli veya gizli oldu\u011funu d\u00fc\u015f\u00fcnd\u00fc\u011f\u00fc hi\u00e7bir i\u00e7eri\u011fi web sitesine y\u00fcklememeyi kabul eder.<\/span><\/p>\n<p style=\"text-align: justify;\"><span style=\"color: #000000;\">Yukar\u0131da a\u00e7\u0131klanan herhangi bir nedenle uygunsuz g\u00f6r\u00fclen i\u00e7eri\u011fi kald\u0131rma, de\u011fi\u015ftirme, i\u00e7eri\u011fi sa\u011flayan hesap sahibine yapt\u0131r\u0131m uygulama (S\u00fcreli Yasaklama, Kal\u0131c\u0131 Yasaklama) ve gerekirse Adli Mercilere Su\u00e7 Duyurusu hakk\u0131n\u0131 sakl\u0131 tutar\u0131z.<\/span><\/p>\n<p style=\"text-align: justify;\"><span style=\"color: #000000;\">\u00dcye taraf\u0131ndan siteye eklenen yasal i\u00e7eri\u011fin kald\u0131r\u0131lmas\u0131 veya de\u011fi\u015ftirilmesi y\u00f6n\u00fcndeki taleplerin de\u011ferlendirilmesi BilgisayarBilisim.Net Y\u00f6netim Ekibinin tasarrufundad\u0131r.<\/span><\/p>\n<p style=\"text-align: justify;\"><span style=\"color: #000000;\">Bu web sitesine \u00fcye olan hesap sahibi; siteye ekledi\u011fi i\u00e7eri\u011fin do\u011frudan, daimi, geri al\u0131namaz ve s\u0131n\u0131rs\u0131z \u015fekilde yay\u0131nlanmas\u0131na y\u00f6nelik izin\/yetki\/lisans vermi\u015f say\u0131l\u0131r.<\/span><\/p>\n<p style=\"text-align: justify;\"><span style=\"color: #000000;\">Bununla birlikte \u00fcye; telif haklar\u0131na sahip oldu\u011fu yay\u0131nlar\u0131n korunmas\u0131 hakk\u0131n\u0131 sakl\u0131 tutar.<\/span><\/p>\n<p style=\"text-align: justify;\"><span style=\"color: #000000;\">BilgisayarBilisim.Net web sitesi kullan\u0131m \u015fartlar\u0131n\u0131 \u00f6nceden bildirmeksizin de\u011fi\u015ftirme hakk\u0131n\u0131 sakl\u0131 tutar.<\/span><\/p>\n<p style=\"text-align: justify;\"><span style=\"color: #000000;\">BilgisayarBilisim.Net&#8217;e \u00fcye olmu\u015f iseniz, kullan\u0131m \u015fartlar\u0131n\u0131 kabul etmi\u015f say\u0131l\u0131rs\u0131n\u0131z.<\/span><\/p>\n<p style=\"text-align: right;\"><strong><span style=\"color: #000000;\">Sayg\u0131lar\u0131m\u0131zla.<\/span><\/strong><\/p>\n<p style=\"text-align: right;\"><strong><span style=\"color: #000000;\">BilgisayarBilisim.NET<\/span><\/strong><\/p>\n<\/div>\n<\/div>\n","protected":false},"excerpt":{"rendered":"<p>Bilgisayarbilisim.NET \u00dcyelik ve Kullan\u0131m S\u00f6zle\u015fmesi BilgisayarBilisim.Net Ekibi; sa\u011flam\u0131\u015f oldu\u011fu web sitesi servislerine \u00fcye olmak suretiyle olu\u015fturulan yaz\u0131l\u0131\/g\u00f6rsel i\u00e7eriklerden, uygulamalardan ve bu hesaplar\u0131n kullan\u0131m\u0131ndan sorumlu de\u011fildir. Sitede \u00fcyeler taraf\u0131ndan sunulan i\u00e7erikler, bu i\u00e7erikleri olu\u015fturan \u00fcyelerin kendi iradelerini \/ g\u00f6r\u00fc\u015flerini ifade eder. Bu web sitesine \u00fcye olan hesap sahibi; T\u00fcrkiye Cumhuriyeti\u2019nin Milli ve Manevi De\u011ferlerine, \u0130nan\u00e7lara, \u0130nsan [&hellip;]<\/p>\n","protected":false},"author":1,"featured_media":0,"parent":0,"menu_order":0,"comment_status":"closed","ping_status":"closed","template":"","meta":{"footnotes":""},"class_list":["post-6576","page","type-page","status-publish"],"aioseo_notices":[],"jetpack_sharing_enabled":true,"_links":{"self":[{"href":"https:\/\/bilgisayarbilisim.net\/egitim\/wp-json\/wp\/v2\/pages\/6576","targetHints":{"allow":["GET"]}}],"collection":[{"href":"https:\/\/bilgisayarbilisim.net\/egitim\/wp-json\/wp\/v2\/pages"}],"about":[{"href":"https:\/\/bilgisayarbilisim.net\/egitim\/wp-json\/wp\/v2\/types\/page"}],"author":[{"embeddable":true,"href":"https:\/\/bilgisayarbilisim.net\/egitim\/wp-json\/wp\/v2\/users\/1"}],"replies":[{"embeddable":true,"href":"https:\/\/bilgisayarbilisim.net\/egitim\/wp-json\/wp\/v2\/comments?post=6576"}],"version-history":[{"count":1,"href":"https:\/\/bilgisayarbilisim.net\/egitim\/wp-json\/wp\/v2\/pages\/6576\/revisions"}],"predecessor-version":[{"id":9314,"href":"https:\/\/bilgisayarbilisim.net\/egitim\/wp-json\/wp\/v2\/pages\/6576\/revisions\/9314"}],"wp:attachment":[{"href":"https:\/\/bilgisayarbilisim.net\/egitim\/wp-json\/wp\/v2\/media?parent=6576"}],"curies":[{"name":"wp","href":"https:\/\/api.w.org\/{rel}","templated":true}]}}