{"id":9287,"date":"2016-07-08T08:47:33","date_gmt":"2016-07-08T08:47:33","guid":{"rendered":"https:\/\/bilgisayarbilisim.net\/egitim\/?page_id=2280"},"modified":"2021-02-23T15:59:22","modified_gmt":"2021-02-23T12:59:22","slug":"oynatma-listeleri","status":"publish","type":"page","link":"https:\/\/bilgisayarbilisim.net\/egitim\/oynatma-listeleri\/","title":{"rendered":"Oynatma Listeleri"},"content":{"rendered":"<p>BBNET S\u00fcrekli E\u011fitim Merkezinde yer alan t\u00fcm oynatma listeleri<\/p>\n","protected":false},"excerpt":{"rendered":"<p>BBNET S\u00fcrekli E\u011fitim Merkezinde yer alan t\u00fcm oynatma listeleri<\/p>\n","protected":false},"author":1,"featured_media":0,"parent":0,"menu_order":0,"comment_status":"closed","ping_status":"closed","template":"cactus-video\/includes\/page-templates\/playlist-listing.php","meta":{"footnotes":""},"class_list":["post-9287","page","type-page","status-publish"],"aioseo_notices":[],"jetpack_sharing_enabled":true,"_links":{"self":[{"href":"https:\/\/bilgisayarbilisim.net\/egitim\/wp-json\/wp\/v2\/pages\/9287","targetHints":{"allow":["GET"]}}],"collection":[{"href":"https:\/\/bilgisayarbilisim.net\/egitim\/wp-json\/wp\/v2\/pages"}],"about":[{"href":"https:\/\/bilgisayarbilisim.net\/egitim\/wp-json\/wp\/v2\/types\/page"}],"author":[{"embeddable":true,"href":"https:\/\/bilgisayarbilisim.net\/egitim\/wp-json\/wp\/v2\/users\/1"}],"replies":[{"embeddable":true,"href":"https:\/\/bilgisayarbilisim.net\/egitim\/wp-json\/wp\/v2\/comments?post=9287"}],"version-history":[{"count":1,"href":"https:\/\/bilgisayarbilisim.net\/egitim\/wp-json\/wp\/v2\/pages\/9287\/revisions"}],"predecessor-version":[{"id":9288,"href":"https:\/\/bilgisayarbilisim.net\/egitim\/wp-json\/wp\/v2\/pages\/9287\/revisions\/9288"}],"wp:attachment":[{"href":"https:\/\/bilgisayarbilisim.net\/egitim\/wp-json\/wp\/v2\/media?parent=9287"}],"curies":[{"name":"wp","href":"https:\/\/api.w.org\/{rel}","templated":true}]}}