{"id":9736,"date":"2022-10-03T22:37:00","date_gmt":"2022-10-03T19:37:00","guid":{"rendered":"https:\/\/bilgisayarbilisim.net\/egitim\/subscription-plan\/"},"modified":"2022-10-05T09:18:16","modified_gmt":"2022-10-05T06:18:16","slug":"uyekayitbilgi","status":"publish","type":"page","link":"https:\/\/bilgisayarbilisim.net\/egitim\/uyekayitbilgi\/","title":{"rendered":"BBNET S\u00fcrekli E\u011fitim Merkezine Ho\u015fgeldiniz"},"content":{"rendered":"<div class=\"ich_level_wrap ihc_level_template_4\"><div class=\"ihc-level-item\"><div class=\"ihc-level-item-wrap\"><div class=\"ihc-level-item-top\"><div class=\"ihc-level-item-title\">BBNET S\u00fcrekli E\u011fitim Merkezi<\/div><\/div><div class=\"ihc-level-item-content\"><p style=\"text-align: justify;\">Her ya\u015f grubuna uygun, Teknoloji, Tasar\u0131m, Robotik ve Kodlama E\u011fitimleri i\u00e7erir. BBNET Forumundan ba\u011f\u0131ms\u0131z \u00e7al\u0131\u015f\u0131r ve Forum \u00fcyelik hesab\u0131 ile \u00e7al\u0131\u015fmaz.<\/p><\/div><div class=\"ihc-level-item-bottom\"><div class=\"ihc-level-item-price\"><\/div><div class=\"ihc-level-item-link-wrap\"><div onClick=\"ihcBuyNewLevel('https:\/\/bilgisayarbilisim.net\/egitim\/register\/?lid=1');\" class=\"ihc-level-item-link  ihc-cursor-pointer\">Kay\u0131t Ol<\/div><\/div><div class=\"iump-clear\"><\/div><\/div><\/div><\/div><\/div>\n","protected":false},"excerpt":{"rendered":"BBNET S\u00fcrekli E\u011fitim MerkeziHer ya\u015f grubuna uygun, Teknoloji, Tasar\u0131m, Robotik ve Kodlama E\u011fitimleri i\u00e7erir. BBNET Forumundan ba\u011f\u0131ms\u0131z \u00e7al\u0131\u015f\u0131r ve Forum \u00fcyelik hesab\u0131 ile \u00e7al\u0131\u015fmaz.Kay\u0131t Ol","protected":false},"author":1,"featured_media":0,"parent":0,"menu_order":0,"comment_status":"closed","ping_status":"closed","template":"","meta":{"footnotes":""},"class_list":["post-9736","page","type-page","status-publish"],"aioseo_notices":[],"jetpack_sharing_enabled":true,"_links":{"self":[{"href":"https:\/\/bilgisayarbilisim.net\/egitim\/wp-json\/wp\/v2\/pages\/9736","targetHints":{"allow":["GET"]}}],"collection":[{"href":"https:\/\/bilgisayarbilisim.net\/egitim\/wp-json\/wp\/v2\/pages"}],"about":[{"href":"https:\/\/bilgisayarbilisim.net\/egitim\/wp-json\/wp\/v2\/types\/page"}],"author":[{"embeddable":true,"href":"https:\/\/bilgisayarbilisim.net\/egitim\/wp-json\/wp\/v2\/users\/1"}],"replies":[{"embeddable":true,"href":"https:\/\/bilgisayarbilisim.net\/egitim\/wp-json\/wp\/v2\/comments?post=9736"}],"version-history":[{"count":3,"href":"https:\/\/bilgisayarbilisim.net\/egitim\/wp-json\/wp\/v2\/pages\/9736\/revisions"}],"predecessor-version":[{"id":9768,"href":"https:\/\/bilgisayarbilisim.net\/egitim\/wp-json\/wp\/v2\/pages\/9736\/revisions\/9768"}],"wp:attachment":[{"href":"https:\/\/bilgisayarbilisim.net\/egitim\/wp-json\/wp\/v2\/media?parent=9736"}],"curies":[{"name":"wp","href":"https:\/\/api.w.org\/{rel}","templated":true}]}}